{"id":9,"date":"2024-05-28T16:11:38","date_gmt":"2024-05-28T16:11:38","guid":{"rendered":"https:\/\/fromista.com\/voluntariadoeuropeo\/?page_id=9"},"modified":"2025-05-12T12:40:59","modified_gmt":"2025-05-12T12:40:59","slug":"experiencias-de-voluntariado","status":"publish","type":"page","link":"https:\/\/fromista.com\/voluntariadoeuropeo\/experiencias-de-voluntariado\/","title":{"rendered":"EXPERIENCIAS DE VOLUNTARIADO"},"content":{"rendered":"\n<div class=\"wp-block-group alignfull has-accent-2-background-color has-background is-layout-constrained wp-container-core-group-is-layout-1 wp-block-group-is-layout-constrained\" style=\"margin-top:0;margin-bottom:0;padding-top:var(--wp--preset--spacing--50);padding-right:var(--wp--preset--spacing--50);padding-bottom:var(--wp--preset--spacing--50);padding-left:var(--wp--preset--spacing--50)\">\n<div class=\"wp-block-columns alignwide is-layout-flex wp-container-core-columns-is-layout-1 wp-block-columns-is-layout-flex\">\n<div class=\"wp-block-column is-layout-flow wp-block-column-is-layout-flow\" style=\"flex-basis:40%\">\n<p class=\"wp-container-content-1\">A\u00f1o 2024<\/p>\n<\/div>\n\n\n\n<div class=\"wp-block-column is-layout-flow wp-block-column-is-layout-flow\" style=\"flex-basis:60%\">\n<p class=\"has-heading-font-family has-x-large-font-size\" style=\"line-height:1.2\">Alessia (Cerde\u00f1a) y Alice (Francia) en Fr\u00f3mista<\/p>\n<\/div>\n<\/div>\n\n\n\n<div style=\"height:var(--wp--preset--spacing--40)\" aria-hidden=\"true\" class=\"wp-block-spacer\"><\/div>\n\n\n\n<p><\/p>\n\n\n\n<figure class=\"wp-block-gallery alignwide has-nested-images columns-default is-cropped wp-block-gallery-1 is-layout-flex wp-block-gallery-is-layout-flex\">\n<figure class=\"wp-block-image size-large is-style-default\"><img loading=\"lazy\" decoding=\"async\" width=\"1024\" height=\"768\" src=\"https:\/\/fromista.com\/voluntariadoeuropeo\/wp-content\/uploads\/2024\/05\/9461694a-d6a7-49cc-8123-b628e286257c-1024x768.jpeg\" alt=\"\" class=\"wp-image-23\" srcset=\"https:\/\/fromista.com\/voluntariadoeuropeo\/wp-content\/uploads\/2024\/05\/9461694a-d6a7-49cc-8123-b628e286257c-1024x768.jpeg 1024w, https:\/\/fromista.com\/voluntariadoeuropeo\/wp-content\/uploads\/2024\/05\/9461694a-d6a7-49cc-8123-b628e286257c-300x225.jpeg 300w, https:\/\/fromista.com\/voluntariadoeuropeo\/wp-content\/uploads\/2024\/05\/9461694a-d6a7-49cc-8123-b628e286257c-768x576.jpeg 768w, https:\/\/fromista.com\/voluntariadoeuropeo\/wp-content\/uploads\/2024\/05\/9461694a-d6a7-49cc-8123-b628e286257c-1536x1152.jpeg 1536w, https:\/\/fromista.com\/voluntariadoeuropeo\/wp-content\/uploads\/2024\/05\/9461694a-d6a7-49cc-8123-b628e286257c.jpeg 1600w\" sizes=\"auto, (max-width: 1024px) 100vw, 1024px\" \/><\/figure>\n\n\n\n<figure class=\"wp-block-image size-large\"><img loading=\"lazy\" decoding=\"async\" width=\"768\" height=\"1024\" src=\"https:\/\/fromista.com\/voluntariadoeuropeo\/wp-content\/uploads\/2024\/05\/IMG_2093-768x1024.jpeg\" alt=\"\" class=\"wp-image-20\" srcset=\"https:\/\/fromista.com\/voluntariadoeuropeo\/wp-content\/uploads\/2024\/05\/IMG_2093-768x1024.jpeg 768w, https:\/\/fromista.com\/voluntariadoeuropeo\/wp-content\/uploads\/2024\/05\/IMG_2093-225x300.jpeg 225w, https:\/\/fromista.com\/voluntariadoeuropeo\/wp-content\/uploads\/2024\/05\/IMG_2093-1152x1536.jpeg 1152w, https:\/\/fromista.com\/voluntariadoeuropeo\/wp-content\/uploads\/2024\/05\/IMG_2093-1536x2048.jpeg 1536w, https:\/\/fromista.com\/voluntariadoeuropeo\/wp-content\/uploads\/2024\/05\/IMG_2093-scaled.jpeg 1920w\" sizes=\"auto, (max-width: 768px) 100vw, 768px\" \/><\/figure>\n<\/figure>\n<\/div>\n\n\n\n<div class=\"wp-block-group alignfull has-base-background-color has-background is-layout-constrained wp-container-core-group-is-layout-2 wp-block-group-is-layout-constrained\" style=\"margin-top:0;margin-bottom:0;padding-top:var(--wp--preset--spacing--50);padding-right:var(--wp--preset--spacing--50);padding-bottom:var(--wp--preset--spacing--50);padding-left:var(--wp--preset--spacing--50)\">\n<div class=\"wp-block-columns alignwide is-layout-flex wp-container-core-columns-is-layout-3 wp-block-columns-is-layout-flex\">\n<div class=\"wp-block-column is-content-justification-left is-layout-constrained wp-container-core-column-is-layout-3 wp-block-column-is-layout-constrained\" style=\"flex-basis:40%\">\n<p id=\"tw-target-text\">Ahora present\u00e9monos un poco para que puedas conocernos&#8230;<\/p>\n<\/div>\n\n\n\n<div class=\"wp-block-column is-layout-flow wp-container-core-column-is-layout-6 wp-block-column-is-layout-flow\" style=\"flex-basis:60%\">\n<p class=\"has-heading-font-family has-x-large-font-size\" style=\"line-height:1.2\">\u00bfQUI\u00c9N SOMOS?<\/p>\n\n\n\n<div class=\"wp-block-columns is-layout-flex wp-container-core-columns-is-layout-2 wp-block-columns-is-layout-flex\">\n<div class=\"wp-block-column is-layout-flow wp-block-column-is-layout-flow\">\n<p id=\"tw-target-text\">Hola amigos, soy Alessia, una chica de 20 a\u00f1os que viene de Cerde\u00f1a. Me gusta definirme como una chica muy alegre, siempre abierta a conocer gente nueva y emprender nuevas experiencias. Por eso me encanta viajar, me gusta trabajar en m\u00ed mismo para superarme cada d\u00eda y me gusta poder ayudar a otras personas.<\/p>\n<\/div>\n\n\n\n<div class=\"wp-block-column is-layout-flow wp-block-column-is-layout-flow\">\n<p><\/p>\n<\/div>\n<\/div>\n<\/div>\n<\/div>\n<\/div>\n\n\n\n<div class=\"wp-block-cover alignfull has-parallax\" style=\"padding-top:var(--wp--preset--spacing--50);padding-right:var(--wp--preset--spacing--50);padding-bottom:var(--wp--preset--spacing--50);padding-left:var(--wp--preset--spacing--50)\"><span aria-hidden=\"true\" class=\"wp-block-cover__background has-base-background-color has-background-dim-0 has-background-dim\"><\/span><div class=\"wp-block-cover__image-background wp-image-43 has-parallax\" style=\"background-position:50% 50%;background-image:url(https:\/\/fromista.com\/voluntariadoeuropeo\/wp-content\/uploads\/2024\/05\/IMG_1484-1-scaled.jpeg)\"><\/div><div class=\"wp-block-cover__inner-container is-layout-constrained wp-container-core-cover-is-layout-1 wp-block-cover-is-layout-constrained\">\n<div style=\"height:500px\" aria-hidden=\"true\" class=\"wp-block-spacer\"><\/div>\n<\/div><\/div>\n\n\n\n<div class=\"wp-block-group alignfull has-base-2-background-color has-background is-layout-constrained wp-container-core-group-is-layout-4 wp-block-group-is-layout-constrained\" style=\"margin-top:0;margin-bottom:0;padding-top:var(--wp--preset--spacing--60);padding-right:var(--wp--preset--spacing--60);padding-bottom:var(--wp--preset--spacing--60);padding-left:var(--wp--preset--spacing--60)\">\n<div class=\"wp-block-group alignwide is-layout-flow wp-block-group-is-layout-flow\">\n<div style=\"height:var(--wp--preset--spacing--50)\" aria-hidden=\"true\" class=\"wp-block-spacer\"><\/div>\n\n\n\n<p class=\"has-text-align-center\" id=\"tw-target-text\"><\/p>\n\n\n\n<p class=\"has-text-align-center has-heading-font-family has-x-large-font-size\" style=\"font-style:normal;font-weight:400;line-height:1.2\">Ahora que ya nos hemos presentado, queremos contarte los motivos por los<\/p>\n\n\n\n<p class=\"has-text-align-center has-heading-font-family has-x-large-font-size\" style=\"font-style:normal;font-weight:400;line-height:1.2\"> que decidimos emprender esta fantastica <\/p>\n\n\n\n<p class=\"has-text-align-center has-heading-font-family has-x-large-font-size\" style=\"font-style:normal;font-weight:400;line-height:1.2\">experiencia en Fromista.<\/p>\n\n\n\n<div style=\"height:var(--wp--preset--spacing--50)\" aria-hidden=\"true\" class=\"wp-block-spacer\"><\/div>\n<\/div>\n<\/div>\n\n\n\n<div class=\"wp-block-group alignfull has-base-2-color has-contrast-background-color has-text-color has-background has-link-color wp-elements-d3a4c66758eb4421412e6b1e110d0e46 is-layout-constrained wp-container-core-group-is-layout-7 wp-block-group-is-layout-constrained\" style=\"margin-top:0;margin-bottom:0;padding-top:var(--wp--preset--spacing--50);padding-right:var(--wp--preset--spacing--50);padding-bottom:var(--wp--preset--spacing--50);padding-left:var(--wp--preset--spacing--50)\">\n<div class=\"wp-block-columns alignwide is-layout-flex wp-container-core-columns-is-layout-4 wp-block-columns-is-layout-flex\">\n<div class=\"wp-block-column is-vertically-aligned-stretch is-layout-flow wp-block-column-is-layout-flow\" style=\"padding-right:0;flex-basis:60%\"><\/div>\n\n\n\n<div class=\"wp-block-column is-layout-flow wp-block-column-is-layout-flow\" style=\"flex-basis:40%\">\n<div class=\"wp-block-group is-layout-constrained wp-block-group-is-layout-constrained\">\n<p class=\"has-large-font-size\" style=\"font-style:normal;font-weight:500;line-height:1.2\">Ciertamente las razones que nos empujaron a vivir 8 meses a fuera de casa en un nuevo pais, con una nueva cultura, entre las dos son un poco diferentes porque tenemos diferentes experiencia de vida. Pero seguramente la primera motivacion, que es la mas importante y que tenemos las dos, es tener la posibilidad de ayudar concretamente las personas si no toda una comunidad.<\/p>\n\n\n\n<div style=\"height:var(--wp--preset--spacing--40)\" aria-hidden=\"true\" class=\"wp-block-spacer\"><\/div>\n\n\n\n<div class=\"wp-block-group is-layout-flow wp-block-group-is-layout-flow\">\n<p class=\"has-medium-font-size\">Alessia.     <\/p>\n\n\n\n<p id=\"tw-target-text\">Para m\u00ed, adem\u00e1s de la primera motivaci\u00f3n de la que ya hemos hablado, lo que absolutamente me impuls\u00f3 a tener esta experiencia fue que quer\u00eda un cambio fuerte en mi vida que me permitiera crecer como persona y aprender muchas habilidades en nuevas \u00e1reas pero sobre todo conocer una nueva cultura, aprender un nuevo idioma y conocer gente nueva.<\/p>\n<\/div>\n<\/div>\n<\/div>\n<\/div>\n<\/div>\n","protected":false},"excerpt":{"rendered":"<p>A\u00f1o 2024 Alessia (Cerde\u00f1a) y Alice (Francia) en Fr\u00f3mista Ahora present\u00e9monos un poco para que puedas conocernos&#8230; \u00bfQUI\u00c9N SOMOS? Hola amigos, soy Alessia, una chica de 20 a\u00f1os que viene de Cerde\u00f1a. Me gusta definirme como una chica muy alegre, siempre abierta a conocer gente nueva y emprender nuevas experiencias. Por eso me encanta viajar, [&hellip;]<\/p>\n","protected":false},"author":2,"featured_media":0,"parent":0,"menu_order":0,"comment_status":"closed","ping_status":"closed","template":"","meta":{"footnotes":""},"class_list":["post-9","page","type-page","status-publish","hentry"],"_links":{"self":[{"href":"https:\/\/fromista.com\/voluntariadoeuropeo\/wp-json\/wp\/v2\/pages\/9","targetHints":{"allow":["GET"]}}],"collection":[{"href":"https:\/\/fromista.com\/voluntariadoeuropeo\/wp-json\/wp\/v2\/pages"}],"about":[{"href":"https:\/\/fromista.com\/voluntariadoeuropeo\/wp-json\/wp\/v2\/types\/page"}],"author":[{"embeddable":true,"href":"https:\/\/fromista.com\/voluntariadoeuropeo\/wp-json\/wp\/v2\/users\/2"}],"replies":[{"embeddable":true,"href":"https:\/\/fromista.com\/voluntariadoeuropeo\/wp-json\/wp\/v2\/comments?post=9"}],"version-history":[{"count":17,"href":"https:\/\/fromista.com\/voluntariadoeuropeo\/wp-json\/wp\/v2\/pages\/9\/revisions"}],"predecessor-version":[{"id":117,"href":"https:\/\/fromista.com\/voluntariadoeuropeo\/wp-json\/wp\/v2\/pages\/9\/revisions\/117"}],"wp:attachment":[{"href":"https:\/\/fromista.com\/voluntariadoeuropeo\/wp-json\/wp\/v2\/media?parent=9"}],"curies":[{"name":"wp","href":"https:\/\/api.w.org\/{rel}","templated":true}]}}